{"id":2,"date":"2015-08-28T12:07:01","date_gmt":"2015-08-28T12:07:01","guid":{"rendered":"http:\/\/mojhost.si\/?page_id=2"},"modified":"2016-02-02T14:12:39","modified_gmt":"2016-02-02T12:12:39","slug":"registracija-domen-2","status":"publish","type":"page","link":"https:\/\/www.mojhost.si\/index.php\/registracija-domen-2\/","title":{"rendered":"Registracija Domen"},"content":{"rendered":"    <section  class=\"\"\r\n><div class=\"container\"><div class=\"row\">\n\t<div class=\"col-md-12 wpb_column vc_column_container\">\n\t\t<div  class=\"wpb_wrapper \">\n\t\t\t<div class=\"vc_tta-container\" data-vc-action=\"collapse\"><h2> <\/h2><div class=\"vc_general vc_tta vc_tta-tabs vc_tta-color-grey vc_tta-style-classic vc_tta-shape-rounded vc_tta-spacing-1 vc_tta-tabs-position-top vc_tta-controls-align-left\"><div class=\"vc_tta-tabs-container\"><ul class=\"vc_tta-tabs-list\"><li class=\"vc_tta-tab vc_active\" data-vc-tab><a href=\"#1441056610927-641d7135-6fad\" data-vc-tabs data-vc-container=\".vc_tta\"><span class=\"vc_tta-title-text\">Registracija .si domen<\/span><\/a><\/li><li class=\"vc_tta-tab\" data-vc-tab><a href=\"#1441056610928-b7ba3002-bb63\" data-vc-tabs data-vc-container=\".vc_tta\"><span class=\"vc_tta-title-text\">Registracija ostalih domen<\/span><\/a><\/li><\/ul><\/div><div class=\"vc_tta-panels-container\"><div class=\"vc_tta-panels\"><div class=\"vc_tta-panel vc_active\" id=\"1441056610927-641d7135-6fad\" data-vc-content=\".vc_tta-panel-body\"><div class=\"vc_tta-panel-heading\"><h4 class=\"vc_tta-panel-title\"><a href=\"#1441056610927-641d7135-6fad\" data-vc-accordion data-vc-container=\".vc_tta-container\"><span class=\"vc_tta-title-text\">Registracija .si domen<\/span><\/a><\/h4><\/div><div class=\"vc_tta-panel-body\">\n\t<div class=\"wpb_text_column wpb_content_element \">\n\t\t<div class=\"wpb_wrapper\">\n\t\t\t<p><strong>Omogo\u010damo vam <\/strong><span class=\"plain\"><span class=\"heading2\"><strong>registracijo, prenos in podalj\u0161anje\u00a0.si domen.<\/strong><br \/>\n<\/span><\/span><\/p>\n<p>\u010ce se odlo\u010date za registracijo .si domene, lahko na spodnji povezavi preverite, \u010de je izbrana domena prosta.<\/p>\n<ul>\n<li><a href=\"http:\/\/www.register.si\/\" target=\"_blank\">Preverite, \u010de je domena prosta<\/a><\/li>\n<\/ul>\n<p>Pred registracijo domene si preberite splo\u0161ne pogoje:<\/p>\n<ul>\n<li><a href=\"http:\/\/www.arnes.si\/domene\/splosnipogoji\/\" target=\"_blank\">Splo\u0161ni pogoji za registracijo .si domen<\/a><\/li>\n<li><a href=\"http:\/\/www.register.si\/pravila-in-obrazci-za-prenos.html\" target=\"_blank\">Pravila in obrazci za prenos domen<\/a><\/li>\n<\/ul>\n<p>Cena registracije .si domene je 16,40\u20ac.<br \/>\n<strong>Povpra\u0161evanje nam po\u0161ljite po <a href=\"\/index.php\/kontakt\/\">elektronski po\u0161ti<\/a>.<\/strong><\/p>\n\n\t\t<\/div> \n\t<\/div> <\/div><\/div><div class=\"vc_tta-panel\" id=\"1441056610928-b7ba3002-bb63\" data-vc-content=\".vc_tta-panel-body\"><div class=\"vc_tta-panel-heading\"><h4 class=\"vc_tta-panel-title\"><a href=\"#1441056610928-b7ba3002-bb63\" data-vc-accordion data-vc-container=\".vc_tta-container\"><span class=\"vc_tta-title-text\">Registracija ostalih domen<\/span><\/a><\/h4><\/div><div class=\"vc_tta-panel-body\">\n\t<div class=\"wpb_text_column wpb_content_element \">\n\t\t<div class=\"wpb_wrapper\">\n\t\t\t<p>Omogo\u010damo vam registracijo vseh tujih domen po ugodnih cenah.<\/p>\n<p>Naro\u010dila za registracijo sprejemamo po <a href=\"\/index.php\/contact\/\">elektronski po\u0161ti<\/a>.<\/p>\n\n\t\t<\/div> \n\t<\/div> <\/div><\/div><\/div><\/div><\/div><\/div>\n\t\t<\/div> \n\t<\/div> \n<\/div><\/div><\/section>\n","protected":false},"excerpt":{"rendered":"Registracija .si domenRegistracija ostalih domenRegistracija .si domen Omogo\u010damo vam registracijo, prenos in podalj\u0161anje\u00a0.si domen. \u010ce se odlo\u010date za registracijo .si domene, lahko na spodnji povezavi preverite, \u010de je izbrana domena prosta. Preverite, \u010de je domena prosta Pred registracijo domene si preberite splo\u0161ne pogoje: Splo\u0161ni pogoji za registracijo .si domen Pravila in obrazci za prenos domen [...]","protected":false},"author":1,"featured_media":0,"parent":0,"menu_order":0,"comment_status":"closed","ping_status":"closed","template":"page-templates\/template-fullwidth.php","meta":{"footnotes":""},"class_list":["post-2","page","type-page","status-publish","hentry"],"_links":{"self":[{"href":"https:\/\/www.mojhost.si\/index.php\/wp-json\/wp\/v2\/pages\/2","targetHints":{"allow":["GET"]}}],"collection":[{"href":"https:\/\/www.mojhost.si\/index.php\/wp-json\/wp\/v2\/pages"}],"about":[{"href":"https:\/\/www.mojhost.si\/index.php\/wp-json\/wp\/v2\/types\/page"}],"author":[{"embeddable":true,"href":"https:\/\/www.mojhost.si\/index.php\/wp-json\/wp\/v2\/users\/1"}],"replies":[{"embeddable":true,"href":"https:\/\/www.mojhost.si\/index.php\/wp-json\/wp\/v2\/comments?post=2"}],"version-history":[{"count":39,"href":"https:\/\/www.mojhost.si\/index.php\/wp-json\/wp\/v2\/pages\/2\/revisions"}],"predecessor-version":[{"id":591,"href":"https:\/\/www.mojhost.si\/index.php\/wp-json\/wp\/v2\/pages\/2\/revisions\/591"}],"wp:attachment":[{"href":"https:\/\/www.mojhost.si\/index.php\/wp-json\/wp\/v2\/media?parent=2"}],"curies":[{"name":"wp","href":"https:\/\/api.w.org\/{rel}","templated":true}]}}